{"id":3278,"date":"2025-07-03T14:30:22","date_gmt":"2025-07-03T06:30:22","guid":{"rendered":"https:\/\/www.vnglobalfurniture.com\/?page_id=3278"},"modified":"2025-09-11T17:52:47","modified_gmt":"2025-09-11T09:52:47","slug":"privacy-policy","status":"publish","type":"page","link":"https:\/\/www.vnglobalfurniture.com\/es\/privacy-policy\/","title":{"rendered":"Pol\u00edtica de privacidad"},"content":{"rendered":"<p>Solo aceptamos Paypal como el m\u00e9todo de pago seguro y conveniente.<\/p>\n<p>\n<span style=\"font-size: 18pt;\"><strong>Pagar con Paypal<\/strong><\/span><\/p>\n<p><img loading=\"lazy\" decoding=\"async\" class=\"alignnone  wp-image-3284\" src=\"https:\/\/www.vnglobalfurniture.com\/wp-content\/uploads\/2025\/07\/paypal-300x121.jpg\" alt=\"\" width=\"208\" height=\"84\" srcset=\"\" sizes=\"auto, (max-width: 208px) 100vw, 208px\" data-srcset=\"\" \/><\/p>\n<p>Cuando realice un pedido con PayPal, ser\u00e1 redirigido a la p\u00e1gina de pago de PayPal, donde puede confirmar su pago iniciando sesi\u00f3n con su nombre de usuario y contrase\u00f1a de PayPal.<\/p>\n<p>Si ya es cliente de PayPal, puede iniciar sesi\u00f3n con sus datos de usuario y realizar un pago.  \u00bfEres nuevo en PayPal? Luego puede iniciar sesi\u00f3n como invitado o abrir su cuenta de PayPal y confirmar su pago.<\/p>\n<p>Las recogidas suelen reservarse en unos minutos y su pedido ser\u00e1 procesado inmediatamente.<\/p>\n<p>&nbsp;<\/p>\n<p><span style=\"font-size: 18pt;\"><strong>Contacta con nosotros<\/strong><\/span><\/p>\n<p>Para m\u00e1s ayuda, no dude en ponerse en contacto con nosotros por correo electr\u00f3nico. Una vez recibido su correo, nuestros representantes de servicio al cliente responder\u00e1n dentro de un d\u00eda h\u00e1bil. Apreciamos su amable paciencia y comprensi\u00f3n.<\/p>\n<p><strong>Correo electr\u00f3nico: <a href=\"mailto:vnfurnitureshop@gmail.com\">vnfurnitureshop@gmail.com<\/a><\/strong><\/p>\n<p><strong>Direcci\u00f3n de la empresa: 2-112, Xiaojiaowa E-Commerce Smart Broadcast Park, Xinguai Road, Shunde District, Foshan, Guangdong<\/strong><\/p>\n<p><strong>Post Code: 528315<\/strong><\/p>\n<p>Nuestro horario de oficina es de 9am a 6pm de lunes a viernes (excluidos d\u00edas festivos y fines de semana). Respondemos a la mayor\u00eda de los correos electr\u00f3nicos dentro de 1 d\u00eda h\u00e1bil, pero si no&#8217; t obtener una respuesta de nosotros, por favor compruebe su papelera de spam.<\/p>\n<p>&nbsp;<\/p>\n<p><span style=\"font-size: 18pt;\"><strong>Pol\u00edtica de env\u00edo<\/strong><\/span><\/p>\n<p>Hemos puesto mucho \u00e9nfasis en asegurarnos de que los art\u00edculos se entreguen a nuestros clientes lo m\u00e1s r\u00e1pido posible.<\/p>\n<p>El tiempo total es la suma del tiempo de procesamiento y el tiempo de env\u00edo.<\/p>\n<p><strong>Tiempo de procesamiento: el tiempo entre cuando realiza un pedido y cuando lo enviamos;<\/strong><\/p>\n<p><strong>Tiempo de env\u00edo: el tiempo entre cuando su pedido ha sido enviado y entregado a usted. Sus pedidos ser\u00e1n procesados dentro de 3-6 d\u00edas de la colocaci\u00f3n a menos que se indique lo contrario.<\/strong><\/p>\n<p><strong>Tiempo de env\u00edo: Los art\u00edculos peque\u00f1os tomar\u00e1n 3-7 d\u00edas h\u00e1biles, y los art\u00edculos grandes tomar\u00e1n 7-14 d\u00edas h\u00e1biles.<\/strong><\/p>\n<p><strong>Tarifa de env\u00edo: Env\u00edo gratuito dentro de los Estados Unidos<\/strong><\/p>\n<p><strong>Env\u00edo desde: los almacenes locales de EE.UU.<\/strong><\/p>\n<p><strong>\u00c1rea de env\u00edo: los EE.UU. y fuera (si necesita enviar fuera de los EE.UU., por favor p\u00f3ngase en contacto con nosotros antes de realizar un pedido)<\/strong><\/p>\n<p>Cualquier otra pregunta, por favor p\u00f3ngase en contacto con nosotros en <strong><a href=\"mailto:vnfurnitureshop@gmail.com\">vnfurnitureshop@gmail.com<\/a><\/strong><\/p>\n<p>&nbsp;<\/p>\n<p><span style=\"font-size: 18pt;\"><strong>Devoluci\u00f3n &amp; Pol\u00edtica de reembolso<\/strong><\/span><\/p>\n<p><strong>Cancelaci\u00f3n:<\/strong><\/p>\n<p>El pedido solo se puede cancelar antes de la entrega, procesaremos el pedido de cancelaci\u00f3n dentro de las 48 horas despu\u00e9s de que el cliente lo solicite y le reembolsaremos dentro de 3-5 d\u00edas h\u00e1biles.<\/p>\n<p><strong>Devoluci\u00f3n &amp; Intercambio:<\/strong><\/p>\n<p><strong>1.Condiciones de devoluci\u00f3n<\/strong><\/p>\n<p>(1) Per\u00edodo de devoluci\u00f3n: dentro de 2 d\u00edas de recibir el producto.<\/p>\n<p>(2) circunstancias aplicables para devoluci\u00f3n e intercambio: bajo qu\u00e9 circunstancias puede devolver o intercambiar las mercanc\u00edas: el producto est\u00e1 roto o da\u00f1ado durante el transporte; Recibe el producto equivocado o piezas faltantes.<\/p>\n<p>(3) Qu\u00e9 informaci\u00f3n debe proporcionarse para solicitar una devoluci\u00f3n o cambio: n\u00famero de pedido, destinatario, prueba fotogr\u00e1fica y de v\u00eddeo del producto y el embalaje.<\/p>\n<p><strong>2.El proceso de devoluci\u00f3n<\/strong><\/p>\n<p>Paso 1: Por favor p\u00f3ngase en contacto con nosotros con antelaci\u00f3n. Procesaremos la solicitud dentro de 3-5 d\u00edas h\u00e1biles y le responderemos el resultado del procesamiento.<\/p>\n<p>Paso 2: Una vez que estemos de acuerdo con su solicitud de devoluci\u00f3n o intercambio, en algunas situaciones debe devolvernos el producto dentro de los 5 d\u00edas (rechazaremos todos los paquetes que sin nuestro acuerdo) y actualizarnos la informaci\u00f3n de seguimiento;<\/p>\n<p>Paso 3 (si intercambio): Una vez que recibamos el producto y comprobamos el estado, reenviaremos y actualizaremos el n\u00famero de seguimiento dentro de 7-15 d\u00edas h\u00e1biles.<\/p>\n<p><strong>3. Tarifa de env\u00edo para la devoluci\u00f3n<\/strong><\/p>\n<p>(1) \u00bfCu\u00e1les son el cliente&#8217; Responsabilidades: clientes&#8217; razones personales como no les gustan los productos o ya no necesitan los productos.<\/p>\n<p>(2) \u00bfCu\u00e1les son las condiciones emprendidas por el sitio web: el producto se rompe o da\u00f1a durante el transporte; Enviamos los productos equivocados o piezas faltantes.<\/p>\n<p>&nbsp;<\/p>\n<p><span style=\"font-size: 14pt;\"><strong>Reembolso<\/strong><\/span><\/p>\n<p><strong>1. l\u00edmite de reembolso<\/strong><\/p>\n<p>Circumstancias aplicables para el reembolso completo: los clientes devuelven los productos en buenas condiciones y se permiten la tarifa de env\u00edo.<\/p>\n<p><strong>2. proceso de reembolso:<\/strong><\/p>\n<p>(1) Despu\u00e9s de recibir el producto devuelto, ingresaremos al proceso de reembolso, el dinero regresar\u00e1 a su cuenta dentro de 3-10 d\u00edas h\u00e1biles.<\/p>\n<p>(2) Qu\u00e9 hacer si no se recibe el reembolso: p\u00f3ngase en contacto con nosotros<\/p>\n<p>Nota: Cualquier devoluci\u00f3n o cambio sin solicitud previa no ser\u00e1 aceptado.<\/p>\n<p>&nbsp;<\/p>\n<p><span style=\"font-size: 18pt;\"><strong>Condiciones de uso<\/strong><\/span><\/p>\n<p>La compra de cualquier producto o servicio a trav\u00e9s del sitio web de VN CASA se rige por los t\u00e9rminos y condiciones de uso establecidos a continuaci\u00f3n por VN CASA (&#8220;T\u00e9rminos de uso&#8221;).<\/p>\n<p>Por favor lea los T\u00e9rminos de Uso con cuidado. Al acceder al sitio web de VN CASA,<\/p>\n<p>Acepta estar obligado por los T\u00e9rminos de Uso. Si no desea estar obligado por las condiciones de uso, no puede acceder o usar este sitio.<\/p>\n<p>&nbsp;<\/p>\n<p><strong>1.ACEPTACI\u00d3N DE TERMINOS DE USO<\/strong><\/p>\n<p>Al visitar el sitio web de VN CASA, ver, acceder o de otra manera utilizar cualquiera de los servicios o informaci\u00f3n creada, recopilada, compilada o presentada a VN CASA, usted acepta estar obligado por los T\u00e9rminos de Uso. Si no desea estar obligado por los T\u00e9rminos de Uso, su \u00fanica opci\u00f3n es no visitar, ver o utilizar los servicios de VN CASA. Usted entiende, acepta y reconoce que estos T\u00e9rminos de Uso constituyen un acuerdo legalmente vinculante entre usted y VN CASA y que su uso de VN CASA indicar\u00e1 su aceptaci\u00f3n de los T\u00e9rminos de Uso.<\/p>\n<p><strong>2.PROVISI\u00d3N DE SERVICIOS<\/strong><\/p>\n<p>Usted acepta y reconoce que VN CASA tiene derecho a modificar, mejorar o interrumpir cualquiera de sus servicios a su sola discreci\u00f3n y sin previo aviso, incluso si puede resultar en que se le impida acceder a cualquier informaci\u00f3n contenida en el sitio web de VN CASA. Adem\u00e1s, acepta y reconoce que VN CASA tiene derecho a proporcionarle servicios a trav\u00e9s de subsidiarias o empresas afiliadas.<\/p>\n<p><strong>3.Derechos de Propiedad<\/strong><\/p>\n<p>Usted reconoce y acepta que el sitio web de VN CASA puede contener informaci\u00f3n de propiedad y confidencial, incluyendo marcas comerciales, marcas de servicio, dise\u00f1os y patentes protegidas por leyes de propiedad intelectual y tratados internacionales de propiedad intelectual. VN CASA le autoriza a ver y hacer una \u00fanica copia de partes de su contenido para uso offline, personal y no comercial. Nuestro contenido no puede ser vendido, reproducido o distribuido sin nuestro permiso por escrito, que puede ser retenido a nuestra sola discreci\u00f3n. Cualquier marca comercial, marca de servicio y logotipo de terceros son propiedad de sus respectivos propietarios. Cualquier derecho adicional que no se conceda espec\u00edficamente en este documento se reserva.<\/p>\n<p><strong>4.Contenido Enviado<\/strong><\/p>\n<p>Al enviar contenido a VN CASA, usted concede simult\u00e1neamente a VN CASA una licencia irrevocable, mundial, libre de derechos para publicar, mostrar, modificar, distribuir y sindicar su contenido en todo el mundo. Usted confirma y garantiza que tiene la autoridad necesaria para conceder la licencia anterior a VN CASA.<\/p>\n<p><strong>5.TERMINACI\u00d3N DE LOS TERMINOS DE USO<\/strong><\/p>\n<p>Las Condiciones de Uso seguir\u00e1n siendo aplicables en perpetuidad hasta que sean rescindidas por VN CASA sin previo aviso en cualquier momento y por cualquier motivo. Los t\u00e9rminos por su naturaleza que deben continuar en perpetuidad no se ver\u00e1n afectados por ninguna terminaci\u00f3n.<\/p>\n<p><strong>6.DISCLAIMER DE GARANT\u00cdAS<\/strong><\/p>\n<p>Usted entiende y acepta que su uso del sitio web VN CASA es enteramente bajo su propio riesgo y que nuestros servicios se proporcionan &#8220; Como es&#8221; y &#8220; Como disponible&#8221; VN CASA no hace ninguna garant\u00eda expresa o impl\u00edcita, endosos o representaciones de ning\u00fan tipo en cuanto al funcionamiento del sitio web de VN CASA, informaci\u00f3n, contenido, materiales o productos. Esto incluir\u00e1, pero no se limitar\u00e1 a, garant\u00edas impl\u00edcitas de comerciabilidad y idoneidad para un prop\u00f3sito particular y no infracci\u00f3n, y garant\u00edas de que el acceso o uso del servicio ser\u00e1 ininterrumpido o libre de errores o que los defectos en el servicio ser\u00e1n corregidos.<\/p>\n<p><strong>7.LIMITACI\u00d3N DE RESPONSABILIDAD<\/strong><\/p>\n<p>Usted entiende y acepta que VN CASA y cualquiera de sus subsidiarias o afiliadas en ning\u00fan caso ser\u00e1n responsables de cualquier da\u00f1o directo, indirecto, incidental, consecuente o ejemplar. Esto incluir\u00e1, pero no se limitar\u00e1 a, da\u00f1os por p\u00e9rdida de beneficios, interrupci\u00f3n del negocio, reputaci\u00f3n o buena reputaci\u00f3n del negocio, p\u00e9rdida de programas o informaci\u00f3n u otra p\u00e9rdida intangible derivada del uso o la imposibilidad de usar el servicio o la informaci\u00f3n, o cualquier cesaci\u00f3n permanente o temporal de dicho servicio o acceso a la informaci\u00f3n, o la eliminaci\u00f3n o corrupci\u00f3n de cualquier contenido o informaci\u00f3n, o la falta de almacenamiento de cualquier contenido o informaci\u00f3n. La limitaci\u00f3n anterior se aplicar\u00e1 independientemente de que VN CASA haya sido o no informado de la posibilidad de tales da\u00f1os. En jurisdicciones donde no se permite la exclusi\u00f3n o limitaci\u00f3n de responsabilidad por da\u00f1os consecuentes o incidentales, la responsabilidad de VN CASA se limita en la mayor medida permitida por la ley.<\/p>\n<p><strong>8.CONTENIDO EXTERNO<\/strong><\/p>\n<p>VN CASA puede incluir hiperenlaces a contenidos, publicidad o sitios web de terceros. Usted reconoce y acepta que VN CASA no es responsable y no respalda ninguna publicidad, productos o recursos disponibles de dichos recursos o sitios web.<\/p>\n<p><strong>9.JURISDICTION<\/strong><\/p>\n<p>Usted entiende expresamente y acepta someterse a la jurisdicci\u00f3n personal y exclusiva de los tribunales del pa\u00eds, estado, provincia o territorio determinado \u00fanicamente por VN CASA para resolver cualquier asunto legal derivado de los T\u00e9rminos de Uso o relacionado con su uso del sitio web de VN CASA. Si el tribunal con jurisdicci\u00f3n determina que cualquier disposici\u00f3n del acuerdo es inv\u00e1lida, entonces esa disposici\u00f3n ser\u00e1 eliminada de los T\u00e9rminos de Uso y los t\u00e9rminos y condiciones restantes seguir\u00e1n siendo v\u00e1lidos en plena vigencia y efecto.<\/p>\n<p><strong>10.Acuerdo entero<\/strong><\/p>\n<p>Usted entiende y acepta que los T\u00e9rminos de Uso constituyen el acuerdo completo entre usted y VN CASA. Puede estar sujeto a t\u00e9rminos y condiciones adicionales cuando utilice, compre o acceda a otros servicios, servicios de afiliados o contenido o material de terceros.<\/p>\n<p><strong>11.CAMBIOS EN LOS TERMINOS DE USO<\/strong><\/p>\n<p>VN CASA se reserva el derecho de modificar los T\u00e9rminos de Uso de vez en cuando a nuestra sola discreci\u00f3n y sin previo aviso. Los cambios en los T\u00e9rminos de Uso entrar\u00e1n en vigor en la fecha en que se publiquen en el sitio web de VN CASA y su uso continuo del sitio web de VN CASA despu\u00e9s de cualquier cambio significar\u00e1 que usted acepta estar obligado por dichos nuevos t\u00e9rminos y condiciones.<\/p>","protected":false},"excerpt":{"rendered":"<p>Solo aceptamos Paypal como el m\u00e9todo de pago seguro y conveniente. Pagar con Paypal Cuando realice un pedido con Paypal, ser\u00e1 redirigido a la p\u00e1gina de pago de PayPal, donde puede confirmar su pago iniciando sesi\u00f3n con su nombre de usuario y contrase\u00f1a de PayPal. Si ya es cliente de PayPal, puede iniciar sesi\u00f3n con su [&hellip;]<\/p>","protected":false},"author":3,"featured_media":0,"parent":0,"menu_order":1,"comment_status":"closed","ping_status":"closed","template":"PrivPolicy.php","meta":{"footnotes":""},"class_list":["post-3278","page","type-page","status-publish","hentry"],"_links":{"self":[{"href":"https:\/\/www.vnglobalfurniture.com\/es\/wp-json\/wp\/v2\/pages\/3278","targetHints":{"allow":["GET"]}}],"collection":[{"href":"https:\/\/www.vnglobalfurniture.com\/es\/wp-json\/wp\/v2\/pages"}],"about":[{"href":"https:\/\/www.vnglobalfurniture.com\/es\/wp-json\/wp\/v2\/types\/page"}],"author":[{"embeddable":true,"href":"https:\/\/www.vnglobalfurniture.com\/es\/wp-json\/wp\/v2\/users\/3"}],"replies":[{"embeddable":true,"href":"https:\/\/www.vnglobalfurniture.com\/es\/wp-json\/wp\/v2\/comments?post=3278"}],"version-history":[{"count":19,"href":"https:\/\/www.vnglobalfurniture.com\/es\/wp-json\/wp\/v2\/pages\/3278\/revisions"}],"predecessor-version":[{"id":3376,"href":"https:\/\/www.vnglobalfurniture.com\/es\/wp-json\/wp\/v2\/pages\/3278\/revisions\/3376"}],"wp:attachment":[{"href":"https:\/\/www.vnglobalfurniture.com\/es\/wp-json\/wp\/v2\/media?parent=3278"}],"curies":[{"name":"wp","href":"https:\/\/api.w.org\/{rel}","templated":true}]}}